{"id":161,"date":"2023-09-17T20:36:11","date_gmt":"2023-09-17T18:36:11","guid":{"rendered":"https:\/\/victoiredrouet.com\/?page_id=161"},"modified":"2025-07-14T19:29:18","modified_gmt":"2025-07-14T17:29:18","slug":"portfolio","status":"publish","type":"page","link":"https:\/\/victoiredrouet.com\/index.php\/portfolio\/","title":{"rendered":"PORTFOLIO"},"content":{"rendered":"<p>[et_pb_section fb_built=\u00a0\u00bb1&Prime; _builder_version=\u00a0\u00bb4.22.1&Prime; _module_preset=\u00a0\u00bbdefault\u00a0\u00bb background_color=\u00a0\u00bb#000000&Prime; global_colors_info=\u00a0\u00bb{}\u00a0\u00bb][et_pb_row _builder_version=\u00a0\u00bb4.22.1&Prime; _module_preset=\u00a0\u00bbdefault\u00a0\u00bb width=\u00a0\u00bb100%\u00a0\u00bb module_alignment=\u00a0\u00bbcenter\u00a0\u00bb global_colors_info=\u00a0\u00bb{}\u00a0\u00bb][et_pb_column type=\u00a0\u00bb4_4&Prime; _builder_version=\u00a0\u00bb4.22.1&Prime; _module_preset=\u00a0\u00bbdefault\u00a0\u00bb global_colors_info=\u00a0\u00bb{}\u00a0\u00bb][et_pb_heading title=\u00a0\u00bbPORTFOLIO\u00a0\u00bb _builder_version=\u00a0\u00bb4.25.1&Prime; _module_preset=\u00a0\u00bbdefault\u00a0\u00bb title_level=\u00a0\u00bbh5&Prime; title_text_align=\u00a0\u00bbcenter\u00a0\u00bb title_text_color=\u00a0\u00bb#dbdbdb\u00a0\u00bb title_font_size=\u00a0\u00bb47px\u00a0\u00bb title_letter_spacing=\u00a0\u00bb4px\u00a0\u00bb module_alignment=\u00a0\u00bbcenter\u00a0\u00bb title_text_align_tablet=\u00a0\u00bbcenter\u00a0\u00bb title_text_align_phone=\u00a0\u00bbcenter\u00a0\u00bb title_text_align_last_edited=\u00a0\u00bbon|phone\u00a0\u00bb global_colors_info=\u00a0\u00bb{}\u00a0\u00bb][\/et_pb_heading][\/et_pb_column][\/et_pb_row][\/et_pb_section][et_pb_section fb_built=\u00a0\u00bb1&Prime; fullwidth=\u00a0\u00bbon\u00a0\u00bb _builder_version=\u00a0\u00bb4.27.4&Prime; _module_preset=\u00a0\u00bbdefault\u00a0\u00bb background_image=\u00a0\u00bbhttps:\/\/victoiredrouet.com\/wp-content\/uploads\/2024\/10\/Laurie-Mathis-18-sur-42-scaled.jpg\u00a0\u00bb global_colors_info=\u00a0\u00bb{}\u00a0\u00bb][et_pb_fullwidth_header text_orientation=\u00a0\u00bbcenter\u00a0\u00bb button_one_text=\u00a0\u00bbVoir le portfolio\u00a0\u00bb button_one_url=\u00a0\u00bbhttps:\/\/victoiredrouet.myportfolio.com\u00a0\u00bb header_image_url=\u00a0\u00bbhttps:\/\/victoiredrouet.com\/wp-content\/uploads\/2025\/04\/A7403119-Modifier-scaled.jpeg\u00a0\u00bb _builder_version=\u00a0\u00bb4.27.4&Prime; _module_preset=\u00a0\u00bbdefault\u00a0\u00bb hover_enabled=\u00a0\u00bb0&Prime; global_colors_info=\u00a0\u00bb{}\u00a0\u00bb alt=\u00a0\u00bbs\u00e9ance photo naissance\u00a0\u00bb title_text=\u00a0\u00bbphoto naissance\u00a0\u00bb sticky_enabled=\u00a0\u00bb0&Prime;][\/et_pb_fullwidth_header][\/et_pb_section]<\/p>\n","protected":false},"excerpt":{"rendered":"","protected":false},"author":1,"featured_media":0,"parent":0,"menu_order":0,"comment_status":"closed","ping_status":"closed","template":"","meta":{"_seopress_robots_primary_cat":"","_seopress_titles_title":"%%post_title%% %%sep%% %%sitetitle%%","_seopress_titles_desc":"Photographe mariage et portraits en r\u00e9gion PACA, je capture des moments authentiques pour retranscrire vos \u00e9motions \u00e0 travers mes images.","_seopress_robots_index":"","_et_pb_use_builder":"on","_et_pb_old_content":"","_et_gb_content_width":"","_monsterinsights_skip_tracking":false,"_monsterinsights_sitenote_active":false,"_monsterinsights_sitenote_note":"","_monsterinsights_sitenote_category":0,"footnotes":""},"class_list":["post-161","page","type-page","status-publish","hentry"],"_links":{"self":[{"href":"https:\/\/victoiredrouet.com\/index.php\/wp-json\/wp\/v2\/pages\/161","targetHints":{"allow":["GET"]}}],"collection":[{"href":"https:\/\/victoiredrouet.com\/index.php\/wp-json\/wp\/v2\/pages"}],"about":[{"href":"https:\/\/victoiredrouet.com\/index.php\/wp-json\/wp\/v2\/types\/page"}],"author":[{"embeddable":true,"href":"https:\/\/victoiredrouet.com\/index.php\/wp-json\/wp\/v2\/users\/1"}],"replies":[{"embeddable":true,"href":"https:\/\/victoiredrouet.com\/index.php\/wp-json\/wp\/v2\/comments?post=161"}],"version-history":[{"count":66,"href":"https:\/\/victoiredrouet.com\/index.php\/wp-json\/wp\/v2\/pages\/161\/revisions"}],"predecessor-version":[{"id":1272,"href":"https:\/\/victoiredrouet.com\/index.php\/wp-json\/wp\/v2\/pages\/161\/revisions\/1272"}],"wp:attachment":[{"href":"https:\/\/victoiredrouet.com\/index.php\/wp-json\/wp\/v2\/media?parent=161"}],"curies":[{"name":"wp","href":"https:\/\/api.w.org\/{rel}","templated":true}]}}