{"id":256,"date":"2023-09-19T19:53:08","date_gmt":"2023-09-19T17:53:08","guid":{"rendered":"https:\/\/victoiredrouet.com\/?page_id=256"},"modified":"2025-10-27T09:08:42","modified_gmt":"2025-10-27T08:08:42","slug":"prestations","status":"publish","type":"page","link":"https:\/\/victoiredrouet.com\/index.php\/prestations\/","title":{"rendered":"PRESTATIONS"},"content":{"rendered":"<p>[et_pb_section fb_built=\u00a0\u00bb1&Prime; admin_label=\u00a0\u00bbHeader\u00a0\u00bb _builder_version=\u00a0\u00bb4.22.1&Prime; _module_preset=\u00a0\u00bbdefault\u00a0\u00bb background_color=\u00a0\u00bb#FFFFFF\u00a0\u00bb locked=\u00a0\u00bboff\u00a0\u00bb collapsed=\u00a0\u00bbon\u00a0\u00bb global_colors_info=\u00a0\u00bb{}\u00a0\u00bb][et_pb_row _builder_version=\u00a0\u00bb4.19.2&Prime; _module_preset=\u00a0\u00bbdefault\u00a0\u00bb global_colors_info=\u00a0\u00bb{}\u00a0\u00bb][et_pb_column type=\u00a0\u00bb4_4&Prime; _builder_version=\u00a0\u00bb4.19.2&Prime; _module_preset=\u00a0\u00bbdefault\u00a0\u00bb global_colors_info=\u00a0\u00bb{}\u00a0\u00bb][et_pb_text _builder_version=\u00a0\u00bb4.25.1&Prime; _module_preset=\u00a0\u00bbde54a197-ce4c-48b0-bebc-27e08ba1f893&Prime; text_font_size=\u00a0\u00bb1px\u00a0\u00bb text_letter_spacing=\u00a0\u00bb6px\u00a0\u00bb text_orientation=\u00a0\u00bbcenter\u00a0\u00bb inline_fonts=\u00a0\u00bbCormorant Garamond\u00a0\u00bb global_colors_info=\u00a0\u00bb{}\u00a0\u00bb]<\/p>\n<h4 style=\"text-align: center;\"><strong><span style=\"font-size: xx-large; font-family: 'Cormorant Garamond';\">PRESTATIONS<\/span><\/strong><\/h4>\n<p>[\/et_pb_text][\/et_pb_column][\/et_pb_row][et_pb_row _builder_version=\u00a0\u00bb4.22.1&Prime; _module_preset=\u00a0\u00bbdefault\u00a0\u00bb global_colors_info=\u00a0\u00bb{}\u00a0\u00bb][et_pb_column type=\u00a0\u00bb4_4&Prime; _builder_version=\u00a0\u00bb4.22.1&Prime; _module_preset=\u00a0\u00bbdefault\u00a0\u00bb global_colors_info=\u00a0\u00bb{}\u00a0\u00bb][et_pb_divider show_divider=\u00a0\u00bboff\u00a0\u00bb _builder_version=\u00a0\u00bb4.22.1&Prime; _module_preset=\u00a0\u00bbdefault\u00a0\u00bb global_colors_info=\u00a0\u00bb{}\u00a0\u00bb][\/et_pb_divider][\/et_pb_column][\/et_pb_row][et_pb_row column_structure=\u00a0\u00bb1_3,1_3,1_3&Prime; _builder_version=\u00a0\u00bb4.22.1&Prime; _module_preset=\u00a0\u00bbdefault\u00a0\u00bb global_colors_info=\u00a0\u00bb{}\u00a0\u00bb][et_pb_column type=\u00a0\u00bb1_3&Prime; _builder_version=\u00a0\u00bb4.22.1&Prime; _module_preset=\u00a0\u00bbdefault\u00a0\u00bb global_colors_info=\u00a0\u00bb{}\u00a0\u00bb][et_pb_image src=\u00a0\u00bbhttps:\/\/victoiredrouet.com\/wp-content\/uploads\/2025\/10\/JG-15-sur-53-scaled.jpeg\u00a0\u00bb align=\u00a0\u00bbcenter\u00a0\u00bb _builder_version=\u00a0\u00bb4.27.4&Prime; _module_preset=\u00a0\u00bbdefault\u00a0\u00bb width=\u00a0\u00bb83%\u00a0\u00bb max_width=\u00a0\u00bb78%\u00a0\u00bb custom_padding=\u00a0\u00bb||0px|||\u00a0\u00bb hover_enabled=\u00a0\u00bb0&Prime; border_radii=\u00a0\u00bbon|1462px|1462px|1462px|1462px\u00a0\u00bb border_color_all=\u00a0\u00bb#FFFFFF\u00a0\u00bb border_style_all=\u00a0\u00bbnone\u00a0\u00bb locked=\u00a0\u00bboff\u00a0\u00bb global_colors_info=\u00a0\u00bb{%22gcid-f6a3689d-a668-4350-af50-132b2d07b02b%22:%91%22box_shadow_color%22%93}\u00a0\u00bb sticky_enabled=\u00a0\u00bb0&Prime; alt=\u00a0\u00bbLa mari\u00e9e\u00a0\u00bb title_text=\u00a0\u00bbLa mari\u00e9e\u00a0\u00bb][\/et_pb_image][\/et_pb_column][et_pb_column type=\u00a0\u00bb1_3&Prime; _builder_version=\u00a0\u00bb4.22.1&Prime; _module_preset=\u00a0\u00bbdefault\u00a0\u00bb global_colors_info=\u00a0\u00bb{}\u00a0\u00bb][et_pb_text _builder_version=\u00a0\u00bb4.27.4&Prime; _module_preset=\u00a0\u00bbcea8b5c1-6104-4bc9-84ea-ad4cf7c28c90&Prime; header_text_align=\u00a0\u00bbleft\u00a0\u00bb transform_scale_linked=\u00a0\u00bboff\u00a0\u00bb transform_translate_linked=\u00a0\u00bboff\u00a0\u00bb module_alignment=\u00a0\u00bbleft\u00a0\u00bb custom_margin=\u00a0\u00bb||0px||false|false\u00a0\u00bb border_color_all=\u00a0\u00bb#000000&Prime; border_width_bottom=\u00a0\u00bb1px\u00a0\u00bb locked=\u00a0\u00bboff\u00a0\u00bb global_colors_info=\u00a0\u00bb{}\u00a0\u00bb]<\/p>\n<h4 style=\"text-align: left;\">MARIAGES[\/et_pb_text][et_pb_divider show_divider=\u00a0\u00bboff\u00a0\u00bb _builder_version=\u00a0\u00bb4.22.1&Prime; _module_preset=\u00a0\u00bbdefault\u00a0\u00bb global_colors_info=\u00a0\u00bb{}\u00a0\u00bb][\/et_pb_divider][et_pb_text _builder_version=\u00a0\u00bb4.26.0&Prime; _module_preset=\u00a0\u00bb943eb678-d005-4c1f-95bf-7a17f5c95521&Prime; transform_translate_linked=\u00a0\u00bboff\u00a0\u00bb locked=\u00a0\u00bboff\u00a0\u00bb global_colors_info=\u00a0\u00bb{}\u00a0\u00bb]<\/p>\n<div>\n<p><span>Pour vos mariages, j&rsquo;aime apprendre \u00e0 vous connaitre afin de cr\u00e9er des <strong>images spontan\u00e9es<\/strong> et charg\u00e9es en \u00e9motion qui refl\u00e8tent r\u00e9ellement votre personnalit\u00e9 et votre amour.<o:p><\/o:p><\/span><\/p>\n<\/div>\n<div>\n<p style=\"text-align: justify;\"><span>Tout au long de votre journ\u00e9e, je cherche \u00e0 r\u00e9aliser le plus beau reportage possible de votre <strong>mariage<\/strong>. De nature calme, j&rsquo;aime rester <strong>discr\u00e8te<\/strong> afin de ne pas perturber le d\u00e9roulement du plus beau jour de votre vie, et pour immortaliser des <strong>moments authentiques<\/strong>.<o:p><\/o:p><\/span><\/p>\n<\/div>\n<p>[\/et_pb_text][et_pb_text _builder_version=\u00a0\u00bb4.27.4&Prime; _module_preset=\u00a0\u00bb943eb678-d005-4c1f-95bf-7a17f5c95521&Prime; transform_translate_linked=\u00a0\u00bboff\u00a0\u00bb locked=\u00a0\u00bboff\u00a0\u00bb global_colors_info=\u00a0\u00bb{}\u00a0\u00bb]<\/p>\n<p style=\"text-align: justify;\">Je sais faire preuve de professionnalisme et d&rsquo;\u00e9coute pour vous accompagner tout au long de votre journ\u00e9e de mariage, des <strong>pr\u00e9paratifs jusqu&rsquo;au dessert<\/strong>. Dot\u00e9e d&rsquo;une v\u00e9ritable empathie, je sais capturer les plus beaux moments, et les \u00e9motions de chacun. Je propose plusieurs types formules afin de m&rsquo;adapter \u00e0 vos besoins et \u00e0 vos envies. Contactez-moi pour obtenir ma brochure !<\/p>\n<p>[\/et_pb_text][et_pb_text _builder_version=\u00a0\u00bb4.27.4&Prime; _module_preset=\u00a0\u00bb943eb678-d005-4c1f-95bf-7a17f5c95521&Prime; transform_translate_linked=\u00a0\u00bboff\u00a0\u00bb locked=\u00a0\u00bboff\u00a0\u00bb global_colors_info=\u00a0\u00bb{}\u00a0\u00bb]<\/p>\n<p><strong>Ce qui est inclu dans un forfait mariage:<\/strong><\/p>\n<p>&#8211; S\u00e9ance engagement<\/p>\n<p>&#8211; Autant de rendez-vous et d&rsquo;\u00e9changes que n\u00e9cessaires<\/p>\n<p>&#8211; Visite technique des lieux<\/p>\n<p>&#8211; Retouche et livraison des photos sur une galerie en ligne priv\u00e9e et s\u00e9curis\u00e9e que vous pourrez partager \u00e0 vos proches<\/p>\n<p>&#8211; Coffret personnalis\u00e9 comprenant cl\u00e9 usb, tirages et quelques surprises<\/p>\n<p>[\/et_pb_text][\/et_pb_column][et_pb_column type=\u00a0\u00bb1_3&Prime; _builder_version=\u00a0\u00bb4.22.1&Prime; _module_preset=\u00a0\u00bbdefault\u00a0\u00bb global_colors_info=\u00a0\u00bb{}\u00a0\u00bb][\/et_pb_column][\/et_pb_row][et_pb_row _builder_version=\u00a0\u00bb4.27.4&Prime; _module_preset=\u00a0\u00bbdefault\u00a0\u00bb global_colors_info=\u00a0\u00bb{}\u00a0\u00bb][et_pb_column type=\u00a0\u00bb4_4&Prime; _builder_version=\u00a0\u00bb4.27.4&Prime; _module_preset=\u00a0\u00bbdefault\u00a0\u00bb global_colors_info=\u00a0\u00bb{}\u00a0\u00bb][et_pb_divider show_divider=\u00a0\u00bboff\u00a0\u00bb _builder_version=\u00a0\u00bb4.27.4&Prime; _module_preset=\u00a0\u00bbdefault\u00a0\u00bb global_colors_info=\u00a0\u00bb{}\u00a0\u00bb][\/et_pb_divider][\/et_pb_column][\/et_pb_row][et_pb_row column_structure=\u00a0\u00bb1_3,1_3,1_3&Prime; _builder_version=\u00a0\u00bb4.22.1&Prime; _module_preset=\u00a0\u00bbdefault\u00a0\u00bb locked=\u00a0\u00bboff\u00a0\u00bb global_colors_info=\u00a0\u00bb{}\u00a0\u00bb][et_pb_column type=\u00a0\u00bb1_3&Prime; _builder_version=\u00a0\u00bb4.22.1&Prime; _module_preset=\u00a0\u00bbdefault\u00a0\u00bb global_colors_info=\u00a0\u00bb{}\u00a0\u00bb][\/et_pb_column][et_pb_column type=\u00a0\u00bb1_3&Prime; _builder_version=\u00a0\u00bb4.22.1&Prime; _module_preset=\u00a0\u00bbdefault\u00a0\u00bb global_colors_info=\u00a0\u00bb{}\u00a0\u00bb][et_pb_text _builder_version=\u00a0\u00bb4.25.1&Prime; _module_preset=\u00a0\u00bbcea8b5c1-6104-4bc9-84ea-ad4cf7c28c90&Prime; transform_scale_linked=\u00a0\u00bboff\u00a0\u00bb transform_translate_linked=\u00a0\u00bboff\u00a0\u00bb custom_margin=\u00a0\u00bb||10px||false|false\u00a0\u00bb border_color_all=\u00a0\u00bb#000000&Prime; border_width_bottom=\u00a0\u00bb1px\u00a0\u00bb locked=\u00a0\u00bboff\u00a0\u00bb global_colors_info=\u00a0\u00bb{}\u00a0\u00bb]<\/p>\n<h4 style=\"text-align: right;\">S\u00c9ANCES PHOTOS COUPLE\/GROSSESSE\/FAMILLE\/ \u00a0NAISSANCE<\/h4>\n<p>[\/et_pb_text][et_pb_text _builder_version=\u00a0\u00bb4.27.3&Prime; _module_preset=\u00a0\u00bb943eb678-d005-4c1f-95bf-7a17f5c95521&Prime; transform_translate_linked=\u00a0\u00bboff\u00a0\u00bb locked=\u00a0\u00bboff\u00a0\u00bb global_colors_info=\u00a0\u00bb{}\u00a0\u00bb]<\/p>\n<p style=\"text-align: justify;\">Pour une <strong>s\u00e9ance photo<\/strong> en couple, en famille, en solo, n&rsquo;h\u00e9sitez pas \u00e0 me faire part de vos envies. Si vous souhaitez une s\u00e9ance en ext\u00e9rieur, nous choisirons ensemble de lieu de votre shooting, pour des photos <strong>naturelles et po\u00e9tiques. <\/strong>Nous pouvons \u00e9galement faire cette s\u00e9ance chez vous, dans votre cocon.<\/p>\n<p style=\"text-align: justify;\">J\u2019ai \u00e0 coeur d\u2019instaurer une complicit\u00e9 avec vous lors de mes s\u00e9ances afin de vous guider au mieux et de vous faire oublier l\u2019objectif. Mon but est de vous faire profitez de cette s\u00e9ance, d\u2019en faire votre moment.\u00a0<\/p>\n<p>[\/et_pb_text][\/et_pb_column][et_pb_column type=\u00a0\u00bb1_3&Prime; _builder_version=\u00a0\u00bb4.22.1&Prime; _module_preset=\u00a0\u00bbdefault\u00a0\u00bb global_colors_info=\u00a0\u00bb{}\u00a0\u00bb][et_pb_image src=\u00a0\u00bbhttps:\/\/victoiredrouet.com\/wp-content\/uploads\/2025\/10\/A7400097-scaled.jpg\u00a0\u00bb alt=\u00a0\u00bbS\u00e9ance photo grossesse\u00a0\u00bb title_text=\u00a0\u00bbS\u00e9ance photo grossesse\u00a0\u00bb _builder_version=\u00a0\u00bb4.27.4&Prime; _module_preset=\u00a0\u00bbdefault\u00a0\u00bb width=\u00a0\u00bb100%\u00a0\u00bb max_width=\u00a0\u00bb100%\u00a0\u00bb hover_enabled=\u00a0\u00bb0&Prime; border_radii=\u00a0\u00bbon|1462px|1462px|1462px|1462px\u00a0\u00bb border_color_all=\u00a0\u00bb#FFFFFF\u00a0\u00bb border_style_all=\u00a0\u00bbnone\u00a0\u00bb locked=\u00a0\u00bboff\u00a0\u00bb global_colors_info=\u00a0\u00bb{%22gcid-f6a3689d-a668-4350-af50-132b2d07b02b%22:%91%22box_shadow_color%22%93}\u00a0\u00bb sticky_enabled=\u00a0\u00bb0&Prime;][\/et_pb_image][\/et_pb_column][\/et_pb_row][et_pb_row _builder_version=\u00a0\u00bb4.22.2&Prime; _module_preset=\u00a0\u00bbdefault\u00a0\u00bb global_colors_info=\u00a0\u00bb{}\u00a0\u00bb][et_pb_column type=\u00a0\u00bb4_4&Prime; _builder_version=\u00a0\u00bb4.22.2&Prime; _module_preset=\u00a0\u00bbdefault\u00a0\u00bb global_colors_info=\u00a0\u00bb{}\u00a0\u00bb][et_pb_button button_url=\u00a0\u00bbhttps:\/\/victoiredrouet.com\/index.php\/687-2\/\u00a0\u00bb button_text=\u00a0\u00bbVoir les tarifs\u00a0\u00bb button_alignment=\u00a0\u00bbcenter\u00a0\u00bb _builder_version=\u00a0\u00bb4.25.2&Prime; _module_preset=\u00a0\u00bbdefault\u00a0\u00bb global_colors_info=\u00a0\u00bb{}\u00a0\u00bb][\/et_pb_button][\/et_pb_column][\/et_pb_row][\/et_pb_section][et_pb_section fb_built=\u00a0\u00bb1&Prime; _builder_version=\u00a0\u00bb4.27.4&Prime; _module_preset=\u00a0\u00bbdefault\u00a0\u00bb global_colors_info=\u00a0\u00bb{}\u00a0\u00bb][et_pb_row column_structure=\u00a0\u00bb1_4,3_4&Prime; _builder_version=\u00a0\u00bb4.27.4&Prime; _module_preset=\u00a0\u00bbdefault\u00a0\u00bb global_colors_info=\u00a0\u00bb{}\u00a0\u00bb][et_pb_column type=\u00a0\u00bb1_4&Prime; _builder_version=\u00a0\u00bb4.27.4&Prime; _module_preset=\u00a0\u00bbdefault\u00a0\u00bb global_colors_info=\u00a0\u00bb{}\u00a0\u00bb][et_pb_image src=\u00a0\u00bbhttps:\/\/victoiredrouet.com\/wp-content\/uploads\/2025\/04\/Capture-decran-2025-04-07-a-08.54.31.png\u00a0\u00bb alt=\u00a0\u00bbBon cadeau photo\u00a0\u00bb title_text=\u00a0\u00bbS\u00e9ance photo\u00a0\u00bb _builder_version=\u00a0\u00bb4.27.4&Prime; _module_preset=\u00a0\u00bbdefault\u00a0\u00bb global_colors_info=\u00a0\u00bb{}\u00a0\u00bb][\/et_pb_image][\/et_pb_column][et_pb_column type=\u00a0\u00bb3_4&Prime; _builder_version=\u00a0\u00bb4.27.4&Prime; _module_preset=\u00a0\u00bbdefault\u00a0\u00bb global_colors_info=\u00a0\u00bb{}\u00a0\u00bb][et_pb_text _builder_version=\u00a0\u00bb4.27.4&Prime; _module_preset=\u00a0\u00bbdefault\u00a0\u00bb text_font_size=\u00a0\u00bb21px\u00a0\u00bb header_text_align=\u00a0\u00bbcenter\u00a0\u00bb header_font_size=\u00a0\u00bb40px\u00a0\u00bb header_letter_spacing=\u00a0\u00bb7px\u00a0\u00bb header_line_height=\u00a0\u00bb1.2em\u00a0\u00bb text_orientation=\u00a0\u00bbcenter\u00a0\u00bb global_colors_info=\u00a0\u00bb{}\u00a0\u00bb]Envie de faire plaisir \u00e0 un proche avec un cadeau original et plein d\u2019\u00e9motions ?<br \/>\nJe propose des bons cadeaux personnalis\u00e9s valables 1 an pour une s\u00e9ance photo (portrait, famille, couple, maternit\u00e9, etc.).[\/et_pb_text][et_pb_button button_url=\u00a0\u00bbhttps:\/\/victoiredrouet.com\/index.php\/contact\/\u00a0\u00bb button_text=\u00a0\u00bb\ud83d\udce9 Demandez votre bon cadeau par mail ! \u00a0\u00bb button_alignment=\u00a0\u00bbcenter\u00a0\u00bb _builder_version=\u00a0\u00bb4.27.4&Prime; _module_preset=\u00a0\u00bbdefault\u00a0\u00bb global_colors_info=\u00a0\u00bb{}\u00a0\u00bb][\/et_pb_button][\/et_pb_column][\/et_pb_row][\/et_pb_section]<\/p>\n","protected":false},"excerpt":{"rendered":"<p>PRESTATIONSMARIAGES Pour vos mariages, j&rsquo;aime apprendre \u00e0 vous connaitre afin de cr\u00e9er des images spontan\u00e9es et charg\u00e9es en \u00e9motion qui refl\u00e8tent r\u00e9ellement votre personnalit\u00e9 et votre amour. Tout au long de votre journ\u00e9e, je cherche \u00e0 r\u00e9aliser le plus beau reportage possible de votre mariage. De nature calme, j&rsquo;aime rester discr\u00e8te afin de ne pas [&hellip;]<\/p>\n","protected":false},"author":1,"featured_media":0,"parent":0,"menu_order":0,"comment_status":"closed","ping_status":"closed","template":"","meta":{"_seopress_robots_primary_cat":"","_seopress_titles_title":"%%post_title%% %%sep%% Mariages %%sep%% S\u00e9ances photo","_seopress_titles_desc":"Photographe mariage et portraits en r\u00e9gion PACA, je capture des moments authentiques pour retranscrire vos \u00e9motions \u00e0 travers mes images.","_seopress_robots_index":"","_et_pb_use_builder":"on","_et_pb_old_content":"","_et_gb_content_width":"","_monsterinsights_skip_tracking":false,"_monsterinsights_sitenote_active":false,"_monsterinsights_sitenote_note":"","_monsterinsights_sitenote_category":0,"footnotes":""},"class_list":["post-256","page","type-page","status-publish","hentry"],"_links":{"self":[{"href":"https:\/\/victoiredrouet.com\/index.php\/wp-json\/wp\/v2\/pages\/256","targetHints":{"allow":["GET"]}}],"collection":[{"href":"https:\/\/victoiredrouet.com\/index.php\/wp-json\/wp\/v2\/pages"}],"about":[{"href":"https:\/\/victoiredrouet.com\/index.php\/wp-json\/wp\/v2\/types\/page"}],"author":[{"embeddable":true,"href":"https:\/\/victoiredrouet.com\/index.php\/wp-json\/wp\/v2\/users\/1"}],"replies":[{"embeddable":true,"href":"https:\/\/victoiredrouet.com\/index.php\/wp-json\/wp\/v2\/comments?post=256"}],"version-history":[{"count":32,"href":"https:\/\/victoiredrouet.com\/index.php\/wp-json\/wp\/v2\/pages\/256\/revisions"}],"predecessor-version":[{"id":1300,"href":"https:\/\/victoiredrouet.com\/index.php\/wp-json\/wp\/v2\/pages\/256\/revisions\/1300"}],"wp:attachment":[{"href":"https:\/\/victoiredrouet.com\/index.php\/wp-json\/wp\/v2\/media?parent=256"}],"curies":[{"name":"wp","href":"https:\/\/api.w.org\/{rel}","templated":true}]}}